{"id":13244,"date":"2026-03-31T06:48:15","date_gmt":"2026-03-31T06:48:15","guid":{"rendered":"https:\/\/trimuibrick.com\/?page_id=13244"},"modified":"2026-03-31T06:48:18","modified_gmt":"2026-03-31T06:48:18","slug":"communaute","status":"publish","type":"page","link":"https:\/\/trimuibrick.com\/fr_ca\/community\/","title":{"rendered":"Communaut\u00e9"},"content":{"rendered":"<p>Au <strong>trimuibrick.com<\/strong>, Nous sommes convaincus que les jeux portables ne se limitent pas \u00e0 l'achat d'un appareil. Il s'agit de d\u00e9couvrir de nouveaux favoris, de partager des id\u00e9es utiles, d'appr\u00e9cier les jeux portables et de faire partie d'un groupe plus large de personnes qui appr\u00e9cient les jeux d'inspiration r\u00e9tro.<\/p>\n\n\n\n<p>Que vous soyez novice en mati\u00e8re de jeux portables ou que vous poss\u00e9diez d\u00e9j\u00e0 votre propre collection, nous sommes heureux de vous accueillir ici. Notre communaut\u00e9 est compos\u00e9e de joueurs qui appr\u00e9cient le design compact, l'utilisation pratique au quotidien et le plaisir simple de jouer n'importe o\u00f9.<\/p>\n\n\n\n<h2 class=\"wp-block-heading\">Un int\u00e9r\u00eat partag\u00e9 pour les jeux portables<\/h2>\n\n\n\n<p>Nous accueillons les personnes qui aiment :<\/p>\n\n\n\n<ul class=\"wp-block-list\">\n<li>Discussions sur les jeux portables<\/li>\n\n\n\n<li>Recommandations et comparaisons de produits<\/li>\n\n\n\n<li>Id\u00e9es d'am\u00e9nagement et inspiration pour le portage au quotidien<\/li>\n\n\n\n<li>Exp\u00e9riences de jeux r\u00e9tro<\/li>\n\n\n\n<li>Accessoires et compl\u00e9ments utiles<\/li>\n\n\n\n<li>Partager ses jeux pr\u00e9f\u00e9r\u00e9s et ses moments de jeu<\/li>\n<\/ul>\n\n\n\n<p>Pour nous, la communaut\u00e9 ne se limite pas aux produits. Il s'agit \u00e9galement de l'exp\u00e9rience qui les entoure - les id\u00e9es, les commentaires et l'enthousiasme qui rendent les jeux sur ordinateur de poche plus agr\u00e9ables.<\/p>\n\n\n\n<h2 class=\"wp-block-heading\">L'importance de la communaut\u00e9<\/h2>\n\n\n\n<p>Une communaut\u00e9 forte aide les joueurs \u00e0 tirer le meilleur parti de leurs appareils. Elle cr\u00e9e un espace pour des conseils utiles, des exp\u00e9riences r\u00e9elles et un int\u00e9r\u00eat partag\u00e9 pour la culture des jeux portables.<\/p>\n\n\n\n<p>Au <strong>trimuibrick.com<\/strong>, Nous y attachons de l'importance :<\/p>\n\n\n\n<ul class=\"wp-block-list\">\n<li>Un retour d'information honn\u00eate sur les produits<\/li>\n\n\n\n<li>Une communication claire<\/li>\n\n\n\n<li>Un soutien pratique \u00e0 la client\u00e8le<\/li>\n\n\n\n<li>Le plaisir du jeu au quotidien<\/li>\n\n\n\n<li>Confiance \u00e0 long terme des clients<\/li>\n<\/ul>\n\n\n\n<h2 class=\"wp-block-heading\">En savoir plus<\/h2>\n\n\n\n<p>Si vous souhaitez en savoir plus, obtenir de l'aide ou continuer \u00e0 explorer notre magasin, vous pouvez consulter les pages ci-dessous :<\/p>\n\n\n\n<ul class=\"wp-block-list\">\n<li><a>Nous contacter<\/a><\/li>\n\n\n\n<li><a>FAQ<\/a><\/li>\n\n\n\n<li><a>Suivi des commandes<\/a><\/li>\n\n\n\n<li><a>Nouveaux arrivages<\/a><\/li>\n<\/ul>\n\n\n\n<h2 class=\"wp-block-heading\">Grandir ensemble<\/h2>\n\n\n\n<p>Au fur et \u00e0 mesure que notre magasin s'agrandit, nous esp\u00e9rons continuer \u00e0 construire un espace pour les clients qui appr\u00e9cient les produits de jeux portables bien con\u00e7us et une exp\u00e9rience d'achat plus facile.<\/p>\n\n\n\n<p>Merci de faire partie de la <strong>trimuibrick.com<\/strong> communaut\u00e9.<\/p>","protected":false},"excerpt":{"rendered":"<p>At trimuibrick.com, we believe handheld gaming is more than just buying a device. It is about discovering new favorites, sharing useful ideas, enjoying portable play, and being part of a wider group of people who appreciate retro-inspired gaming. Whether you are new to handheld gaming or already have your own collection, we are glad to [&hellip;]<\/p>\n","protected":false},"author":1,"featured_media":0,"parent":0,"menu_order":0,"comment_status":"closed","ping_status":"closed","template":"","meta":{"footnotes":""},"class_list":["post-13244","page","type-page","status-publish","hentry"],"_links":{"self":[{"href":"https:\/\/trimuibrick.com\/fr_ca\/wp-json\/wp\/v2\/pages\/13244","targetHints":{"allow":["GET"]}}],"collection":[{"href":"https:\/\/trimuibrick.com\/fr_ca\/wp-json\/wp\/v2\/pages"}],"about":[{"href":"https:\/\/trimuibrick.com\/fr_ca\/wp-json\/wp\/v2\/types\/page"}],"author":[{"embeddable":true,"href":"https:\/\/trimuibrick.com\/fr_ca\/wp-json\/wp\/v2\/users\/1"}],"replies":[{"embeddable":true,"href":"https:\/\/trimuibrick.com\/fr_ca\/wp-json\/wp\/v2\/comments?post=13244"}],"version-history":[{"count":1,"href":"https:\/\/trimuibrick.com\/fr_ca\/wp-json\/wp\/v2\/pages\/13244\/revisions"}],"predecessor-version":[{"id":13245,"href":"https:\/\/trimuibrick.com\/fr_ca\/wp-json\/wp\/v2\/pages\/13244\/revisions\/13245"}],"wp:attachment":[{"href":"https:\/\/trimuibrick.com\/fr_ca\/wp-json\/wp\/v2\/media?parent=13244"}],"curies":[{"name":"wp","href":"https:\/\/api.w.org\/{rel}","templated":true}]}}