{"id":13238,"date":"2026-03-31T06:38:31","date_gmt":"2026-03-31T06:38:31","guid":{"rendered":"https:\/\/trimuibrick.com\/?page_id=13238"},"modified":"2026-04-02T08:40:57","modified_gmt":"2026-04-02T08:40:57","slug":"a-propos-de-nous","status":"publish","type":"page","link":"https:\/\/trimuibrick.com\/fr\/about-us\/","title":{"rendered":"\u00c0 propos de nous"},"content":{"rendered":"<p>Bienvenue \u00e0 <strong>trimuibrick.com<\/strong>.<\/p>\n\n\n\n<p>NAKE Fond\u00e9e en <strong>2011<\/strong>, nous sommes un organisme ind\u00e9pendant <strong>d\u00e9taillant<\/strong> se concentre sur les appareils de jeu portables et les accessoires connexes pour les clients qui appr\u00e9cient le divertissement portable, la conception pratique et le plaisir du jeu au quotidien.<\/p>\n\n\n\n<p>Au fil des ans, nous nous sommes engag\u00e9s \u00e0 offrir des produits qui allient convivialit\u00e9, style et attrait du jeu. Nous comprenons que pour de nombreux joueurs, une console portable est plus qu'un simple appareil - c'est un moyen simple et agr\u00e9able de se d\u00e9tendre, de revisiter des exp\u00e9riences de jeu classiques et d'emmener le divertissement partout.<\/p>\n\n\n\n<p>En tant que d\u00e9taillant, notre objectif est simple : proposer des produits soigneusement s\u00e9lectionn\u00e9s, un service clair et une exp\u00e9rience d'achat fluide, de la commande \u00e0 la livraison et au service apr\u00e8s-vente. Nous pensons que la fiabilit\u00e9 est importante, qu'il s'agisse de r\u00e9pondre aux questions des clients, de fournir des mises \u00e0 jour sur les exp\u00e9ditions ou d'aider \u00e0 r\u00e9soudre les probl\u00e8mes li\u00e9s aux produits de mani\u00e8re pratique.<\/p>\n\n\n\n<p>Nous continuons \u00e0 servir les clients qui appr\u00e9cient les appareils de jeu compacts, les ordinateurs de poche d'inspiration r\u00e9tro et les accessoires con\u00e7us pour une utilisation quotidienne pratique. Notre \u00e9quipe accorde de l'importance \u00e0 une communication honn\u00eate, \u00e0 une assistance r\u00e9active et \u00e0 la confiance \u00e0 long terme de nos clients.<\/p>\n\n\n\n<p>Merci de votre visite <strong>trimuibrick.com<\/strong> et de nous avoir donn\u00e9 l'occasion de vous servir.<\/p>","protected":false},"excerpt":{"rendered":"<p>Welcome to trimuibrick.com. NAKE Founded in 2011, we are an independent retailer focused on handheld gaming devices and related accessories for customers who value portable entertainment, practical design, and everyday gaming enjoyment. Over the years, we have remained committed to offering products that combine usability, style, and gaming appeal. We understand that for many players, [&hellip;]<\/p>\n","protected":false},"author":1,"featured_media":0,"parent":0,"menu_order":0,"comment_status":"closed","ping_status":"closed","template":"","meta":{"footnotes":""},"class_list":["post-13238","page","type-page","status-publish","hentry"],"_links":{"self":[{"href":"https:\/\/trimuibrick.com\/fr\/wp-json\/wp\/v2\/pages\/13238","targetHints":{"allow":["GET"]}}],"collection":[{"href":"https:\/\/trimuibrick.com\/fr\/wp-json\/wp\/v2\/pages"}],"about":[{"href":"https:\/\/trimuibrick.com\/fr\/wp-json\/wp\/v2\/types\/page"}],"author":[{"embeddable":true,"href":"https:\/\/trimuibrick.com\/fr\/wp-json\/wp\/v2\/users\/1"}],"replies":[{"embeddable":true,"href":"https:\/\/trimuibrick.com\/fr\/wp-json\/wp\/v2\/comments?post=13238"}],"version-history":[{"count":2,"href":"https:\/\/trimuibrick.com\/fr\/wp-json\/wp\/v2\/pages\/13238\/revisions"}],"predecessor-version":[{"id":13623,"href":"https:\/\/trimuibrick.com\/fr\/wp-json\/wp\/v2\/pages\/13238\/revisions\/13623"}],"wp:attachment":[{"href":"https:\/\/trimuibrick.com\/fr\/wp-json\/wp\/v2\/media?parent=13238"}],"curies":[{"name":"wp","href":"https:\/\/api.w.org\/{rel}","templated":true}]}}