{"id":13244,"date":"2026-03-31T06:48:15","date_gmt":"2026-03-31T06:48:15","guid":{"rendered":"https:\/\/trimuibrick.com\/?page_id=13244"},"modified":"2026-03-31T06:48:18","modified_gmt":"2026-03-31T06:48:18","slug":"komunumo","status":"publish","type":"page","link":"https:\/\/trimuibrick.com\/eo\/community\/","title":{"rendered":"Komunumo"},"content":{"rendered":"<p>\u0108e <strong>trimuibrick.com<\/strong>, Ni kredas, ke po\u015dludado estas pli ol nur a\u0109eti aparaton. \u011ci temas pri malkovri novajn favoratojn, dividi utilajn ideojn, \u011dui porteblan ludadon, kaj esti parto de pli vasta grupo de homoj, kiuj aprezas retro-inspiran ludadon.<\/p>\n\n\n\n<p>\u0108u vi estas nova en portebla videoludado a\u016d jam havas vian propran kolekton, ni \u011dojas havi vin \u0109i tie. Nia komunumo konsistas el ludantoj, kiuj aprezas kompaktan dezajnon, praktikan \u0109iutagan uzon kaj la simplan \u011dojon de ludado ie ajn.<\/p>\n\n\n\n<h2 class=\"wp-block-heading\">Komuna Intereso pri Portebla Ludado<\/h2>\n\n\n\n<p>Ni bonvenigas homojn, kiuj \u011duas:<\/p>\n\n\n\n<ul class=\"wp-block-list\">\n<li>Diskutoj pri porteblaj ludoj<\/li>\n\n\n\n<li>Produktaj rekomendoj kaj komparoj<\/li>\n\n\n\n<li>Ideoj pri aran\u011dado kaj inspiro por \u0109iutaga portado<\/li>\n\n\n\n<li>Retroaj ludspertoj<\/li>\n\n\n\n<li>Akcesora\u0135oj kaj utilaj aldona\u0135oj<\/li>\n\n\n\n<li>Kunhavigo de plej \u015datataj ludoj kaj ludaj momentoj<\/li>\n<\/ul>\n\n\n\n<p>Por ni komunumo ne temas nur pri produktoj. \u011ci anka\u016d temas pri la sperto \u0109irka\u016d ili \u2014 la ideoj, la reagoj kaj la entuziasmo, kiuj igas po\u015dludadon pli \u011duebla.<\/p>\n\n\n\n<h2 class=\"wp-block-heading\">Kial Komunumo Gravas<\/h2>\n\n\n\n<p>Fortega komunumo helpas ludantojn pli profiti el siaj aparatoj. \u011ci kreas spacon por utilaj konsiloj, veraj spertoj kaj komuna intereso pri portebla ludokulturo.<\/p>\n\n\n\n<p>\u0108e <strong>trimuibrick.com<\/strong>, ni valoras:<\/p>\n\n\n\n<ul class=\"wp-block-list\">\n<li>Honesta produkta reago<\/li>\n\n\n\n<li>Klara komunikado<\/li>\n\n\n\n<li>Praktika klientsubteno<\/li>\n\n\n\n<li>\u0108iutaga lud\u011duo<\/li>\n\n\n\n<li>Longda\u016dra klienta fido<\/li>\n<\/ul>\n\n\n\n<h2 class=\"wp-block-heading\">Esploru pli<\/h2>\n\n\n\n<p>Se vi volas ekscii pli, ricevi subtenon, a\u016d da\u016dre esplori nian butikon, vi povas viziti la pa\u011dojn sube:<\/p>\n\n\n\n<ul class=\"wp-block-list\">\n<li><a>Kontaktu nin<\/a><\/li>\n\n\n\n<li><a>Oftaj demandoj<\/a><\/li>\n\n\n\n<li><a>Spurado de mendo<\/a><\/li>\n\n\n\n<li><a>Novaj alvenoj<\/a><\/li>\n<\/ul>\n\n\n\n<h2 class=\"wp-block-heading\">Kreskante kune<\/h2>\n\n\n\n<p>Dum nia butiko da\u016dre kreskas, ni esperas da\u016dre konstrui spacon por klientoj, kiuj \u011duas bone desegnitajn porteblajn ludilojn kaj pli glatan a\u0109etsperton.<\/p>\n\n\n\n<p>Dankon pro via partopreno en la <strong>trimuibrick.com<\/strong> komunumo.<\/p>","protected":false},"excerpt":{"rendered":"<p>At trimuibrick.com, we believe handheld gaming is more than just buying a device. It is about discovering new favorites, sharing useful ideas, enjoying portable play, and being part of a wider group of people who appreciate retro-inspired gaming. Whether you are new to handheld gaming or already have your own collection, we are glad to [&hellip;]<\/p>\n","protected":false},"author":1,"featured_media":0,"parent":0,"menu_order":0,"comment_status":"closed","ping_status":"closed","template":"","meta":{"footnotes":""},"class_list":["post-13244","page","type-page","status-publish","hentry"],"_links":{"self":[{"href":"https:\/\/trimuibrick.com\/eo\/wp-json\/wp\/v2\/pages\/13244","targetHints":{"allow":["GET"]}}],"collection":[{"href":"https:\/\/trimuibrick.com\/eo\/wp-json\/wp\/v2\/pages"}],"about":[{"href":"https:\/\/trimuibrick.com\/eo\/wp-json\/wp\/v2\/types\/page"}],"author":[{"embeddable":true,"href":"https:\/\/trimuibrick.com\/eo\/wp-json\/wp\/v2\/users\/1"}],"replies":[{"embeddable":true,"href":"https:\/\/trimuibrick.com\/eo\/wp-json\/wp\/v2\/comments?post=13244"}],"version-history":[{"count":1,"href":"https:\/\/trimuibrick.com\/eo\/wp-json\/wp\/v2\/pages\/13244\/revisions"}],"predecessor-version":[{"id":13245,"href":"https:\/\/trimuibrick.com\/eo\/wp-json\/wp\/v2\/pages\/13244\/revisions\/13245"}],"wp:attachment":[{"href":"https:\/\/trimuibrick.com\/eo\/wp-json\/wp\/v2\/media?parent=13244"}],"curies":[{"name":"wp","href":"https:\/\/api.w.org\/{rel}","templated":true}]}}